{"id":2,"date":"2018-09-06T18:44:18","date_gmt":"2018-09-06T18:44:18","guid":{"rendered":"http:\/\/bostancay.com\/?page_id=2"},"modified":"2018-10-07T19:18:59","modified_gmt":"2018-10-07T19:18:59","slug":"about","status":"publish","type":"page","link":"http:\/\/bostancay.com\/","title":{"rendered":"\u00dcR\u00dcNLERiMiZ"},"content":{"rendered":"\n<figure class=\"wp-block-image\"><img loading=\"lazy\" width=\"850\" height=\"313\" src=\"http:\/\/bostancay.com\/wp-content\/uploads\/2018\/09\/filiz-cay-banner-min.jpg\" alt=\"\" class=\"wp-image-68\" srcset=\"http:\/\/bostancay.com\/wp-content\/uploads\/2018\/09\/filiz-cay-banner-min.jpg 850w, http:\/\/bostancay.com\/wp-content\/uploads\/2018\/09\/filiz-cay-banner-min-300x110.jpg 300w, http:\/\/bostancay.com\/wp-content\/uploads\/2018\/09\/filiz-cay-banner-min-768x283.jpg 768w\" sizes=\"(max-width: 850px) 100vw, 850px\" \/><figcaption><em>Bostan \u00c7ay 500 Gr l\u0131k \u00e7ay hem toplu t\u00fcketim noktalar\u0131 hem de evler i\u00e7in \u00fcretilmi\u015f \u00fcst s\u0131n\u0131f \u00e7ayd\u0131r. 500 Gr l\u0131k Bostan \u00e7ay tek ba\u015f\u0131na demlenerek m\u00fckemmel bir tad elde edilebilinece\u011fi gibi ba\u015fka \u00e7aylarla harmanlanarak da kullan\u0131labilir.<\/em><br\/><\/figcaption><\/figure>\n\n\n\n<div class=\"wp-block-columns has-2-columns\">\n<div class=\"wp-block-column\">\n<figure class=\"wp-block-image\"><img loading=\"lazy\" width=\"300\" height=\"503\" src=\"http:\/\/bostancay.com\/wp-content\/uploads\/2018\/09\/BOSTAN-CAY-5000GR-min.jpg\" alt=\"\" class=\"wp-image-70\" srcset=\"http:\/\/bostancay.com\/wp-content\/uploads\/2018\/09\/BOSTAN-CAY-5000GR-min.jpg 300w, http:\/\/bostancay.com\/wp-content\/uploads\/2018\/09\/BOSTAN-CAY-5000GR-min-179x300.jpg 179w\" sizes=\"(max-width: 300px) 100vw, 300px\" \/><figcaption><em>Bostan \u00c7ay 5 Kg l\u0131k paket T\u00fcrk \u00e7ay\u0131n\u0131n anavatan\u0131 Rize \u00e7ay bah\u00e7elerinden do\u011fal ve en kaliteli \u00e7ay yapraklar\u0131 harmanlanarak \u00fcretilmi\u015ftir. Toplu t\u00fcketim noktalar\u0131na y\u00f6nelik olan \u00fcr\u00fcn\u00fcm\u00fcz fiyat avantaj\u0131, h\u0131zl\u0131 dem verme \u00f6zelli\u011fi ile en \u00e7ok tercih edilen \u00fcr\u00fcn\u00fcm\u00fczd\u00fcr.\u00a0\u00a0<\/em><\/figcaption><\/figure>\n\n\n\n<p style=\"text-align:center\"><br\/><\/p>\n<\/div>\n\n\n\n<div class=\"wp-block-column\">\n<figure class=\"wp-block-image\"><img loading=\"lazy\" width=\"300\" height=\"503\" src=\"http:\/\/bostancay.com\/wp-content\/uploads\/2018\/09\/BOSTAN-CAY-1000GR-min.jpg\" alt=\"\" class=\"wp-image-71\" srcset=\"http:\/\/bostancay.com\/wp-content\/uploads\/2018\/09\/BOSTAN-CAY-1000GR-min.jpg 300w, http:\/\/bostancay.com\/wp-content\/uploads\/2018\/09\/BOSTAN-CAY-1000GR-min-179x300.jpg 179w\" sizes=\"(max-width: 300px) 100vw, 300px\" \/><figcaption><em>Bostan \u00c7ay 1 Kg l\u0131k paket t\u0131pk\u0131 5 kg l\u0131k paket gibi Rize G\u00fcneysu \u00e7ay bah\u00e7elerinin en \u00f6zel \u00e7ay yapraklar\u0131ndan imal edilmi\u015ftir. 1 Kg l\u0131k paket de yine fabrika, kafe, \u00e7ay bah\u00e7esi, kahvehane, b\u00fcfe, b\u00f6rek\u00e7i gibi toplu t\u00fcketim noktalar\u0131n\u0131n \u00e7ay ihtiya\u00e7lar\u0131 i\u00e7in \u00fcretilmi\u015ftir.\u00a0<\/em><\/figcaption><\/figure>\n\n\n\n<p class=\"has-small-font-size\"><br\/><\/p>\n<\/div>\n<\/div>\n\n\n\n<hr class=\"wp-block-separator is-style-wide\"\/>\n\n\n\n<div class=\"wp-block-columns has-2-columns\">\n<div class=\"wp-block-column\">\n<figure class=\"wp-block-image\"><img loading=\"lazy\" width=\"300\" height=\"503\" src=\"http:\/\/bostancay.com\/wp-content\/uploads\/2018\/09\/BOSTAN-TURIST-CAY-5000GR-min.jpg\" alt=\"\" class=\"wp-image-72\" srcset=\"http:\/\/bostancay.com\/wp-content\/uploads\/2018\/09\/BOSTAN-TURIST-CAY-5000GR-min.jpg 300w, http:\/\/bostancay.com\/wp-content\/uploads\/2018\/09\/BOSTAN-TURIST-CAY-5000GR-min-179x300.jpg 179w\" sizes=\"(max-width: 300px) 100vw, 300px\" \/><figcaption>B<em>ostan \u00c7ay 5 Kg l\u0131k sar\u0131 paket \u00e7ay ocaklar\u0131, kahvehaneler, pastahaneler gibi toplu t\u00fcketim noktalar\u0131 i\u00e7in \u00fcretilmi\u015ftir. Bostan 5 Kg l\u0131k sar\u0131 paket dem s\u00fcresi ge\u00e7 gelen bir \u00e7ayd\u0131r bunun yan\u0131nda bayatlama s\u00fcresi de uzundur. Bu \u00f6zellikleri ile \u00e7ok yo\u011fun olmayan toplu t\u00fcketim noktalar\u0131 i\u00e7in ideal bir \u00e7ayd\u0131r.<\/em><\/figcaption><\/figure>\n<\/div>\n\n\n\n<div class=\"wp-block-column\">\n<figure class=\"wp-block-image\"><img loading=\"lazy\" width=\"300\" height=\"503\" src=\"http:\/\/bostancay.com\/wp-content\/uploads\/2018\/09\/BOSTAN-CAY-MAVI-1000GR-min.jpg\" alt=\"\" class=\"wp-image-73\" srcset=\"http:\/\/bostancay.com\/wp-content\/uploads\/2018\/09\/BOSTAN-CAY-MAVI-1000GR-min.jpg 300w, http:\/\/bostancay.com\/wp-content\/uploads\/2018\/09\/BOSTAN-CAY-MAVI-1000GR-min-179x300.jpg 179w\" sizes=\"(max-width: 300px) 100vw, 300px\" \/><figcaption><em>Bostan \u00c7ay 1 Kg l\u0131k\u00a0 mavi paket Bostan \u00c7ay ailesinin en ekonomik \u00e7ay\u0131d\u0131r ve yine toplu t\u00fcketim noktalar\u0131 i\u00e7in \u00fcretilmi\u015ftir.<\/em><\/figcaption><\/figure>\n<\/div>\n<\/div>\n\n\n\n<hr class=\"wp-block-separator is-style-wide\"\/>\n","protected":false},"excerpt":{"rendered":"","protected":false},"author":1,"featured_media":0,"parent":0,"menu_order":0,"comment_status":"open","ping_status":"open","template":"","meta":[],"_links":{"self":[{"href":"http:\/\/bostancay.com\/index.php?rest_route=\/wp\/v2\/pages\/2"}],"collection":[{"href":"http:\/\/bostancay.com\/index.php?rest_route=\/wp\/v2\/pages"}],"about":[{"href":"http:\/\/bostancay.com\/index.php?rest_route=\/wp\/v2\/types\/page"}],"author":[{"embeddable":true,"href":"http:\/\/bostancay.com\/index.php?rest_route=\/wp\/v2\/users\/1"}],"replies":[{"embeddable":true,"href":"http:\/\/bostancay.com\/index.php?rest_route=%2Fwp%2Fv2%2Fcomments&post=2"}],"version-history":[{"count":16,"href":"http:\/\/bostancay.com\/index.php?rest_route=\/wp\/v2\/pages\/2\/revisions"}],"predecessor-version":[{"id":81,"href":"http:\/\/bostancay.com\/index.php?rest_route=\/wp\/v2\/pages\/2\/revisions\/81"}],"wp:attachment":[{"href":"http:\/\/bostancay.com\/index.php?rest_route=%2Fwp%2Fv2%2Fmedia&parent=2"}],"curies":[{"name":"wp","href":"https:\/\/api.w.org\/{rel}","templated":true}]}}