{"id":57,"date":"2018-09-16T19:56:00","date_gmt":"2018-09-16T19:56:00","guid":{"rendered":"http:\/\/bostancay.com\/?page_id=57"},"modified":"2020-01-16T23:57:55","modified_gmt":"2020-01-16T23:57:55","slug":"iletisim","status":"publish","type":"page","link":"http:\/\/bostancay.com\/?page_id=57","title":{"rendered":"iLETiSiM"},"content":{"rendered":"\n<p>Gsm : 0 533 253 09 81<br\/>Telefon : 0 216 329 94 01<br\/>Web : bostancay.com<br\/>Mail : info@bostancay.com<br\/>\u0130lgili : Mehmet Bostan<br\/>Adres : \u0130stiklal Mah. Kavakl\u0131dere Cad. No:116<br\/>\u0130l\/il\u00e7e : \u0130stanbul \/ \u00dcmraniye<\/p>\n\n\n<p><iframe loading=\"lazy\" src=\"https:\/\/www.google.com\/maps\/embed?pb=!1m14!1m8!1m3!1d12041.551520993535!2d29.1003634!3d41.0167692!3m2!1i1024!2i768!4f13.1!3m3!1m2!1s0x0%3A0xda8952a1e3cb1fd4!2zQm9zdGFuIMOHYXkgxLBzdGFuYnVsIELDtmxnZQ!5e0!3m2!1str!2str!4v1576887221717!5m2!1str!2str\" width=\"600\" height=\"450\" frameborder=\"0\" style=\"border:0;\" allowfullscreen=\"\"><\/iframe><\/p>\n","protected":false},"excerpt":{"rendered":"<p>Gsm : 0 533 253 09 81Telefon : 0 216 329 94 01Web : bostancay.comMail : info@bostancay.com\u0130lgili : Mehmet BostanAdres : \u0130stiklal Mah. Kavakl\u0131dere Cad. No:116\u0130l\/il\u00e7e : \u0130stanbul \/ \u00dcmraniye<\/p>\n","protected":false},"author":1,"featured_media":0,"parent":0,"menu_order":0,"comment_status":"closed","ping_status":"closed","template":"","meta":[],"_links":{"self":[{"href":"http:\/\/bostancay.com\/index.php?rest_route=\/wp\/v2\/pages\/57"}],"collection":[{"href":"http:\/\/bostancay.com\/index.php?rest_route=\/wp\/v2\/pages"}],"about":[{"href":"http:\/\/bostancay.com\/index.php?rest_route=\/wp\/v2\/types\/page"}],"author":[{"embeddable":true,"href":"http:\/\/bostancay.com\/index.php?rest_route=\/wp\/v2\/users\/1"}],"replies":[{"embeddable":true,"href":"http:\/\/bostancay.com\/index.php?rest_route=%2Fwp%2Fv2%2Fcomments&post=57"}],"version-history":[{"count":6,"href":"http:\/\/bostancay.com\/index.php?rest_route=\/wp\/v2\/pages\/57\/revisions"}],"predecessor-version":[{"id":89,"href":"http:\/\/bostancay.com\/index.php?rest_route=\/wp\/v2\/pages\/57\/revisions\/89"}],"wp:attachment":[{"href":"http:\/\/bostancay.com\/index.php?rest_route=%2Fwp%2Fv2%2Fmedia&parent=57"}],"curies":[{"name":"wp","href":"https:\/\/api.w.org\/{rel}","templated":true}]}}