{"id":92,"date":"2021-04-18T11:43:38","date_gmt":"2021-04-18T11:43:38","guid":{"rendered":"http:\/\/bostancay.com\/?page_id=92"},"modified":"2021-04-18T11:43:38","modified_gmt":"2021-04-18T11:43:38","slug":"hakkimizda","status":"publish","type":"page","link":"http:\/\/bostancay.com\/?page_id=92","title":{"rendered":"Hakk\u0131m\u0131zda"},"content":{"rendered":"\n<figure class=\"wp-block-image size-large\"><a href=\"http:\/\/bostancay.com\/wp-content\/uploads\/2021\/04\/BOSTAN-CAY-3.jpg\"><img loading=\"lazy\" width=\"918\" height=\"407\" src=\"http:\/\/bostancay.com\/wp-content\/uploads\/2021\/04\/BOSTAN-CAY-3.jpg\" alt=\"\" class=\"wp-image-93\" srcset=\"http:\/\/bostancay.com\/wp-content\/uploads\/2021\/04\/BOSTAN-CAY-3.jpg 918w, http:\/\/bostancay.com\/wp-content\/uploads\/2021\/04\/BOSTAN-CAY-3-300x133.jpg 300w, http:\/\/bostancay.com\/wp-content\/uploads\/2021\/04\/BOSTAN-CAY-3-768x340.jpg 768w\" sizes=\"(max-width: 918px) 100vw, 918px\" \/><\/a><\/figure>\n\n\n\n<p>\u00c7ay\u0131n anavatan\u0131 Rize G\u00fcneysu&#8217;da T\u00fcm T\u00fcrkiye&#8217;ye ve hatta t\u00fcm d\u00fcnyaya uzanan bir hikayedir Bostan \u00c7ay.  Uzun y\u0131llar Rize, G\u00fcneysu&#8217;da devam eden \u00e7ay yolculu\u011fumuz \u0130stanbul, \u00dcmraniye \u015fubemizin de faaliyete ge\u00e7mesi ile daha da geli\u015fti ve Bostan \u00c7ay&#8217;\u0131n kendine has lezzetinin \u00e7ok daha geni\u015f \u00e7evrelere ula\u015fmas\u0131na vesile oldu. Bostan \u00c7ay \u00fcretimini yapt\u0131\u011f\u0131 500 Gr, 1 Kg ve 5 Kg l\u0131k \u00e7ay ailesi ile toplu t\u00fcketim noktalar\u0131ndan ev kullan\u0131c\u0131lar\u0131na geni\u015f bir yelpazede hizmetlerini s\u00fcrd\u00fcrmektedir.<\/p>\n\n\n\n<figure class=\"wp-block-image size-large\"><a href=\"http:\/\/bostancay.com\/wp-content\/uploads\/2021\/04\/BOSTAN-CAY-2.jpg\"><img loading=\"lazy\" width=\"428\" height=\"468\" src=\"http:\/\/bostancay.com\/wp-content\/uploads\/2021\/04\/BOSTAN-CAY-2.jpg\" alt=\"\" class=\"wp-image-95\" srcset=\"http:\/\/bostancay.com\/wp-content\/uploads\/2021\/04\/BOSTAN-CAY-2.jpg 428w, http:\/\/bostancay.com\/wp-content\/uploads\/2021\/04\/BOSTAN-CAY-2-274x300.jpg 274w\" sizes=\"(max-width: 428px) 100vw, 428px\" \/><\/a><\/figure>\n","protected":false},"excerpt":{"rendered":"<p>\u00c7ay\u0131n anavatan\u0131 Rize G\u00fcneysu&#8217;da T\u00fcm T\u00fcrkiye&#8217;ye ve hatta t\u00fcm d\u00fcnyaya uzanan bir hikayedir Bostan \u00c7ay. Uzun y\u0131llar Rize, G\u00fcneysu&#8217;da devam eden \u00e7ay yolculu\u011fumuz \u0130stanbul, \u00dcmraniye \u015fubemizin de faaliyete ge\u00e7mesi ile daha da geli\u015fti ve Bostan \u00c7ay&#8217;\u0131n kendine has lezzetinin \u00e7ok daha geni\u015f \u00e7evrelere ula\u015fmas\u0131na vesile oldu. Bostan \u00c7ay \u00fcretimini yapt\u0131\u011f\u0131 500 Gr, 1 Kg ve&hellip;<\/p>\n","protected":false},"author":1,"featured_media":0,"parent":0,"menu_order":0,"comment_status":"closed","ping_status":"closed","template":"","meta":[],"_links":{"self":[{"href":"http:\/\/bostancay.com\/index.php?rest_route=\/wp\/v2\/pages\/92"}],"collection":[{"href":"http:\/\/bostancay.com\/index.php?rest_route=\/wp\/v2\/pages"}],"about":[{"href":"http:\/\/bostancay.com\/index.php?rest_route=\/wp\/v2\/types\/page"}],"author":[{"embeddable":true,"href":"http:\/\/bostancay.com\/index.php?rest_route=\/wp\/v2\/users\/1"}],"replies":[{"embeddable":true,"href":"http:\/\/bostancay.com\/index.php?rest_route=%2Fwp%2Fv2%2Fcomments&post=92"}],"version-history":[{"count":1,"href":"http:\/\/bostancay.com\/index.php?rest_route=\/wp\/v2\/pages\/92\/revisions"}],"predecessor-version":[{"id":96,"href":"http:\/\/bostancay.com\/index.php?rest_route=\/wp\/v2\/pages\/92\/revisions\/96"}],"wp:attachment":[{"href":"http:\/\/bostancay.com\/index.php?rest_route=%2Fwp%2Fv2%2Fmedia&parent=92"}],"curies":[{"name":"wp","href":"https:\/\/api.w.org\/{rel}","templated":true}]}}